{"id":964,"date":"2026-01-21T10:15:58","date_gmt":"2026-01-21T10:15:58","guid":{"rendered":"https:\/\/vr4tourism.footar.co\/?post_type=product&#038;p=964"},"modified":"2026-01-29T17:49:35","modified_gmt":"2026-01-29T17:49:35","slug":"casas-de-santana","status":"publish","type":"product","link":"https:\/\/vr4tourism.footar.co\/pt-pt\/loja\/casas-de-santana\/","title":{"rendered":"Casas T\u00edpicas de Santana"},"content":{"rendered":"<p>As casas t\u00edpicas de Santana s\u00e3o um ex-l\u00edbris do concelho de Santana e um cartaz tur\u00edstico da ilha da Madeira. Estas casas t\u00eam uma forma triangular e s\u00e3o revestidas de colmo. S\u00e3o popularmente conhecidas por casinhas de Santana.<\/p>\n<p>Originalmente, estas casas eram compostas por um s\u00f3t\u00e3o, onde se guardavam produtos agr\u00edcolas, e por um piso t\u00e9rreo, geralmente \u00e1rea habitacional, que se achava dividida em duas partes separadas por um frontal.<\/p>\n<p>Acredita-se que estas casas sejam vest\u00edgios de constru\u00e7\u00f5es primitivas, feitas de madeira e colmo e, que se encontravam por toda a ilha. Por haver, na regi\u00e3o, pouca pedra rija e o clima ser frio no inverno adotou-se esta mat\u00e9ria-prima, possibilitando, tamb\u00e9m, uma adapta\u00e7\u00e3o \u00e0s esta\u00e7\u00f5es do ano, frescas no ver\u00e3o e quentes no inverno.<\/p>\n","protected":false},"excerpt":{"rendered":"<p>As casas t\u00edpicas de Santana s\u00e3o um ex-l\u00edbris do concelho de Santana e um cartaz tur\u00edstico da ilha da Madeira. Estas casas t\u00eam uma forma triangular e s\u00e3o revestidas de colmo. S\u00e3o popularmente conhecidas por casinhas de Santana. Originalmente, estas casas eram compostas por um s\u00f3t\u00e3o, onde se guardavam produtos agr\u00edcolas, e por um piso [&hellip;]<\/p>\n","protected":false},"featured_media":947,"template":"","meta":{"_acf_changed":false},"product_brand":[],"product_cat":[15],"product_tag":[],"class_list":{"0":"post-964","1":"product","2":"type-product","3":"status-publish","4":"has-post-thumbnail","6":"product_cat-attractions","8":"first","9":"instock","10":"taxable","11":"shipping-taxable","12":"product-type-simple"},"acf":[],"_links":{"self":[{"href":"https:\/\/vr4tourism.footar.co\/pt-pt\/wp-json\/wp\/v2\/product\/964","targetHints":{"allow":["GET"]}}],"collection":[{"href":"https:\/\/vr4tourism.footar.co\/pt-pt\/wp-json\/wp\/v2\/product"}],"about":[{"href":"https:\/\/vr4tourism.footar.co\/pt-pt\/wp-json\/wp\/v2\/types\/product"}],"wp:featuredmedia":[{"embeddable":true,"href":"https:\/\/vr4tourism.footar.co\/pt-pt\/wp-json\/wp\/v2\/media\/947"}],"wp:attachment":[{"href":"https:\/\/vr4tourism.footar.co\/pt-pt\/wp-json\/wp\/v2\/media?parent=964"}],"wp:term":[{"taxonomy":"product_brand","embeddable":true,"href":"https:\/\/vr4tourism.footar.co\/pt-pt\/wp-json\/wp\/v2\/product_brand?post=964"},{"taxonomy":"product_cat","embeddable":true,"href":"https:\/\/vr4tourism.footar.co\/pt-pt\/wp-json\/wp\/v2\/product_cat?post=964"},{"taxonomy":"product_tag","embeddable":true,"href":"https:\/\/vr4tourism.footar.co\/pt-pt\/wp-json\/wp\/v2\/product_tag?post=964"}],"curies":[{"name":"wp","href":"https:\/\/api.w.org\/{rel}","templated":true}]}}