{"id":88,"date":"2025-04-23T14:50:24","date_gmt":"2025-04-23T14:50:24","guid":{"rendered":"https:\/\/pay.footar.co\/?post_type=product&#038;p=88"},"modified":"2026-01-29T17:58:10","modified_gmt":"2026-01-29T17:58:10","slug":"jardim-botanico","status":"publish","type":"product","link":"https:\/\/vr4tourism.footar.co\/pt-pt\/loja\/jardim-botanico\/","title":{"rendered":"Jardim Bot\u00e2nico"},"content":{"rendered":"<p>O Jardim Bot\u00e2nico da Madeira &#8211; Eng.\u00ba Rui Vieira \u00e9 um jardim bot\u00e2nico portugu\u00eas, localizado na cidade do Funchal, Madeira. \u00c9 constitu\u00eddo por diversas esp\u00e9cies bot\u00e2nicas, mais de 2 500 plantas, oriundas de todos os continentes que coexistem em harmonia com cerca de 200 esp\u00e9cies ind\u00edgenas da Regi\u00e3o.<\/p>\n<p>Com uma \u00e1rea de aproximadamente oito hectares \u2014 dos quais cerca de cinco s\u00e3o de \u00e1rea ajardinada \u2014, este espa\u00e7o verde \u00e9 constitu\u00eddo por variad\u00edssimas esp\u00e9cies de \u00e1rvores e arbustos ornamentais, uma \u00e1rea com orqu\u00eddeas, relvados, miradouros, com paisagens amplas sobre a capital madeirense, e um anfiteatro.<\/p>\n<p>O Jardim Bot\u00e2nico da Madeira alberga mais de 2000 plantas ex\u00f3ticas oriundas de todos os continentes, algumas delas em extin\u00e7\u00e3o nos seus locais de origem. Devido \u00e0 crescente perda de biodiversidade e de habitats um pouco por todo o mundo, este espa\u00e7o conta, ainda, com uma zona de pesquisa e conserva\u00e7\u00e3o, assumindo a miss\u00e3o de preservar esp\u00e9cies amea\u00e7adas.<\/p>\n","protected":false},"excerpt":{"rendered":"<p>O Jardim Bot\u00e2nico da Madeira &#8211; Eng.\u00ba Rui Vieira \u00e9 um jardim bot\u00e2nico portugu\u00eas, localizado na cidade do Funchal, Madeira. \u00c9 constitu\u00eddo por diversas esp\u00e9cies bot\u00e2nicas, mais de 2 500 plantas, oriundas de todos os continentes que coexistem em harmonia com cerca de 200 esp\u00e9cies ind\u00edgenas da Regi\u00e3o.<\/p>\n","protected":false},"featured_media":146,"template":"","meta":{"_acf_changed":false},"product_brand":[],"product_cat":[43],"product_tag":[19],"class_list":{"0":"post-88","1":"product","2":"type-product","3":"status-publish","4":"has-post-thumbnail","6":"product_cat-nature","7":"product_tag-viagens","9":"first","10":"instock","11":"taxable","12":"shipping-taxable","13":"purchasable","14":"product-type-simple"},"acf":[],"_links":{"self":[{"href":"https:\/\/vr4tourism.footar.co\/pt-pt\/wp-json\/wp\/v2\/product\/88","targetHints":{"allow":["GET"]}}],"collection":[{"href":"https:\/\/vr4tourism.footar.co\/pt-pt\/wp-json\/wp\/v2\/product"}],"about":[{"href":"https:\/\/vr4tourism.footar.co\/pt-pt\/wp-json\/wp\/v2\/types\/product"}],"wp:featuredmedia":[{"embeddable":true,"href":"https:\/\/vr4tourism.footar.co\/pt-pt\/wp-json\/wp\/v2\/media\/146"}],"wp:attachment":[{"href":"https:\/\/vr4tourism.footar.co\/pt-pt\/wp-json\/wp\/v2\/media?parent=88"}],"wp:term":[{"taxonomy":"product_brand","embeddable":true,"href":"https:\/\/vr4tourism.footar.co\/pt-pt\/wp-json\/wp\/v2\/product_brand?post=88"},{"taxonomy":"product_cat","embeddable":true,"href":"https:\/\/vr4tourism.footar.co\/pt-pt\/wp-json\/wp\/v2\/product_cat?post=88"},{"taxonomy":"product_tag","embeddable":true,"href":"https:\/\/vr4tourism.footar.co\/pt-pt\/wp-json\/wp\/v2\/product_tag?post=88"}],"curies":[{"name":"wp","href":"https:\/\/api.w.org\/{rel}","templated":true}]}}