{"id":252,"date":"2025-05-29T10:45:11","date_gmt":"2025-05-29T10:45:11","guid":{"rendered":"https:\/\/vr4tourism.footar.co\/?post_type=product&#038;p=252"},"modified":"2026-01-29T18:17:14","modified_gmt":"2026-01-29T18:17:14","slug":"piscinas-naturais-do-porto-moniz","status":"publish","type":"product","link":"https:\/\/vr4tourism.footar.co\/pt-pt\/loja\/piscinas-naturais-do-porto-moniz\/","title":{"rendered":"Piscinas Naturais do Porto Moniz"},"content":{"rendered":"<p>Consideradas o ex-libris do munic\u00edpio, as Piscinas Naturais do Porto Moniz s\u00e3o uma das principais atra\u00e7\u00f5es da costa norte da ilha da Madeira. Este ponto de interesse conquista um n\u00famero crescente de visitantes pela peculiaridade da sua beleza e pelo conforto oferecido pelas suas infraestruturas.<\/p>\n<p>De origem vulc\u00e2nica \u2014 formadas ao longo de mil\u00e9nios atrav\u00e9s do arrefecimento de lava \u2014, a fisionomia natural destas piscinas viabiliza a entrada constante do mar. A \u00e1gua tem, por isso, um n\u00edvel de qualidade considerado de excel\u00eancia, atendendo \u00e0 sua incessante renova\u00e7\u00e3o.<\/p>\n<div class=\"block-text\">\n<div class=\"details\">\n<div class=\"details--info\">\n<div class=\"label\">\n<p>Formadas por rochas vulc\u00e2nicas, as Piscinas Naturais do Porto Moniz s\u00e3o o cart\u00e3o de visita desta vila pitoresca. O seu perfil permite a entrada natural da \u00e1gua cristalina do mar.<\/p>\n<\/div>\n<\/div>\n<\/div>\n<\/div>\n<aside class=\"block-context\">\n<div class=\"image\">\n<div class=\"thumbnail\"><\/div>\n<\/div>\n<\/aside>\n","protected":false},"excerpt":{"rendered":"<p>Consideradas o ex-libris do munic\u00edpio, as Piscinas Naturais do Porto Moniz s\u00e3o uma das principais atra\u00e7\u00f5es da costa norte da ilha da Madeira. Este ponto de interesse conquista um n\u00famero crescente de visitantes pela peculiaridade da sua beleza e pelo conforto oferecido pelas suas infraestruturas.<\/p>\n<p>De origem vulc\u00e2nica \u2014 formadas ao longo de mil\u00e9nios atrav\u00e9s do arrefecimento de lava \u2014, a fisionomia natural destas piscinas viabiliza a entrada constante do mar. A \u00e1gua tem, por isso, um n\u00edvel de qualidade considerado de excel\u00eancia, atendendo \u00e0 sua incessante renova\u00e7\u00e3o.<\/p>\n","protected":false},"featured_media":253,"template":"","meta":{"_acf_changed":false},"product_brand":[],"product_cat":[43],"product_tag":[],"class_list":{"0":"post-252","1":"product","2":"type-product","3":"status-publish","4":"has-post-thumbnail","6":"product_cat-nature","8":"first","9":"instock","10":"taxable","11":"shipping-taxable","12":"purchasable","13":"product-type-simple"},"acf":[],"_links":{"self":[{"href":"https:\/\/vr4tourism.footar.co\/pt-pt\/wp-json\/wp\/v2\/product\/252","targetHints":{"allow":["GET"]}}],"collection":[{"href":"https:\/\/vr4tourism.footar.co\/pt-pt\/wp-json\/wp\/v2\/product"}],"about":[{"href":"https:\/\/vr4tourism.footar.co\/pt-pt\/wp-json\/wp\/v2\/types\/product"}],"wp:featuredmedia":[{"embeddable":true,"href":"https:\/\/vr4tourism.footar.co\/pt-pt\/wp-json\/wp\/v2\/media\/253"}],"wp:attachment":[{"href":"https:\/\/vr4tourism.footar.co\/pt-pt\/wp-json\/wp\/v2\/media?parent=252"}],"wp:term":[{"taxonomy":"product_brand","embeddable":true,"href":"https:\/\/vr4tourism.footar.co\/pt-pt\/wp-json\/wp\/v2\/product_brand?post=252"},{"taxonomy":"product_cat","embeddable":true,"href":"https:\/\/vr4tourism.footar.co\/pt-pt\/wp-json\/wp\/v2\/product_cat?post=252"},{"taxonomy":"product_tag","embeddable":true,"href":"https:\/\/vr4tourism.footar.co\/pt-pt\/wp-json\/wp\/v2\/product_tag?post=252"}],"curies":[{"name":"wp","href":"https:\/\/api.w.org\/{rel}","templated":true}]}}