{"id":239,"date":"2025-05-29T10:09:33","date_gmt":"2025-05-29T10:09:33","guid":{"rendered":"https:\/\/vr4tourism.footar.co\/?post_type=product&#038;p=239"},"modified":"2026-01-29T17:53:13","modified_gmt":"2026-01-29T17:53:13","slug":"monte-palace-jardim-tropical","status":"publish","type":"product","link":"https:\/\/vr4tourism.footar.co\/pt-pt\/loja\/monte-palace-jardim-tropical\/","title":{"rendered":"Jardim Tropical Monte Palace"},"content":{"rendered":"<div class=\"fIrGe _T bgMZj\" data-automation=\"attractionsAboutContent\">\n<div class=\"biGQs _P pZUbB KxBGd\">O Jardim Tropical Monte Palace Madeira, localizado a menos de 5 km do centro do Funchal, \u00e9 uma das atra\u00e7\u00f5es tur\u00edsticas mais deslumbrantes da Madeira. Com 70.000 m\u00b2, este jardim bot\u00e2nico cativa os visitantes com esp\u00e9cies raras, desde cicad\u00e1ceas africanas e sequoias norte-americanas a cam\u00e9lias e oliveiras centen\u00e1rias. Explore os Jardins Orientais e a Laurissilva, a recria\u00e7\u00e3o da floresta aut\u00f3ctone, classificada pela UNESCO. Ao longo do caminho, admire pav\u00f5es, flamingos e majestosas carpas nos lagos. No Museu Monte Palace, descubra cole\u00e7\u00f5es de Arte Moderna e Contempor\u00e2nea, bem como minerais raros e pedras preciosas. Pode chegar ao jardim atrav\u00e9s do Telef\u00e9rico do Funchal ou do Telef\u00e9rico do Jardim Bot\u00e2nico, de autocarro (linhas 20, 21, 22 e 48), t\u00e1xi ou ve\u00edculo privado.<\/div>\n<\/div>\n","protected":false},"excerpt":{"rendered":"<div class=\"fIrGe _T bgMZj\" data-automation=\"attractionsAboutContent\">\n<div class=\"biGQs _P pZUbB KxBGd\">O Jardim Tropical Monte Palace Madeira, localizado a menos de 5 km do centro do Funchal, \u00e9 uma das atra\u00e7\u00f5es tur\u00edsticas mais deslumbrantes da Madeira. Com 70.000 m\u00b2, este jardim bot\u00e2nico cativa os visitantes com esp\u00e9cies raras, desde cicad\u00e1ceas africanas e sequoias norte-americanas a cam\u00e9lias e oliveiras centen\u00e1rias. Explore os Jardins Orientais e a Laurissilva, a recria\u00e7\u00e3o da floresta aut\u00f3ctone, classificada pela UNESCO. Ao longo do caminho, admire pav\u00f5es, flamingos e majestosas carpas nos lagos. No Museu Monte Palace, descubra cole\u00e7\u00f5es de Arte Moderna e Contempor\u00e2nea, bem como minerais raros e pedras preciosas. Pode chegar ao jardim atrav\u00e9s do Telef\u00e9rico do Funchal ou do Telef\u00e9rico do Jardim Bot\u00e2nico, de autocarro (linhas 20, 21, 22 e 48), t\u00e1xi ou ve\u00edculo privado.<\/div>\n<\/div>\n","protected":false},"featured_media":240,"template":"","meta":{"_acf_changed":false},"product_brand":[],"product_cat":[43],"product_tag":[],"class_list":{"0":"post-239","1":"product","2":"type-product","3":"status-publish","4":"has-post-thumbnail","6":"product_cat-nature","8":"first","9":"instock","10":"taxable","11":"shipping-taxable","12":"purchasable","13":"product-type-simple"},"acf":[],"_links":{"self":[{"href":"https:\/\/vr4tourism.footar.co\/pt-pt\/wp-json\/wp\/v2\/product\/239","targetHints":{"allow":["GET"]}}],"collection":[{"href":"https:\/\/vr4tourism.footar.co\/pt-pt\/wp-json\/wp\/v2\/product"}],"about":[{"href":"https:\/\/vr4tourism.footar.co\/pt-pt\/wp-json\/wp\/v2\/types\/product"}],"wp:featuredmedia":[{"embeddable":true,"href":"https:\/\/vr4tourism.footar.co\/pt-pt\/wp-json\/wp\/v2\/media\/240"}],"wp:attachment":[{"href":"https:\/\/vr4tourism.footar.co\/pt-pt\/wp-json\/wp\/v2\/media?parent=239"}],"wp:term":[{"taxonomy":"product_brand","embeddable":true,"href":"https:\/\/vr4tourism.footar.co\/pt-pt\/wp-json\/wp\/v2\/product_brand?post=239"},{"taxonomy":"product_cat","embeddable":true,"href":"https:\/\/vr4tourism.footar.co\/pt-pt\/wp-json\/wp\/v2\/product_cat?post=239"},{"taxonomy":"product_tag","embeddable":true,"href":"https:\/\/vr4tourism.footar.co\/pt-pt\/wp-json\/wp\/v2\/product_tag?post=239"}],"curies":[{"name":"wp","href":"https:\/\/api.w.org\/{rel}","templated":true}]}}