{"id":232,"date":"2025-05-29T10:02:15","date_gmt":"2025-05-29T10:02:15","guid":{"rendered":"https:\/\/vr4tourism.footar.co\/?post_type=product&#038;p=232"},"modified":"2026-01-29T17:55:04","modified_gmt":"2026-01-29T17:55:04","slug":"telefericos-funchal","status":"publish","type":"product","link":"https:\/\/vr4tourism.footar.co\/pt-pt\/loja\/telefericos-funchal\/","title":{"rendered":"Telef\u00e9rico Funchal"},"content":{"rendered":"<p>Descubra o Funchal de um \u00e2ngulo \u00fanico, suspenso entre o verde vibrante da cidade-jardim e o azul intenso do Atl\u00e2ntico, sobre o laranja que caracteriza a paisagem urbana funchalense.\u00a0No nosso telef\u00e9rico, cada metro de ascens\u00e3o revela um novo quadro vivo da ilha &#8211; o casario hist\u00f3rico cedendo graciosamente lugar \u00e0s encostas cobertas de vegeta\u00e7\u00e3o nativa, enquanto o oceano abra\u00e7a toda a cena num horizonte sem fim.\u00a0\u00a0\u00c9 muito mais do que um simples trajeto\u2014\u00e9 a oportunidade de sentir a harmonia entre a natureza, a cidade e o oceano, num momento inesquec\u00edvel que une o urbano ao rural numa experi\u00eancia verdadeiramente \u00fanica.<\/p>\n","protected":false},"excerpt":{"rendered":"<p>Descubra o Funchal de um \u00e2ngulo \u00fanico, suspenso entre o verde vibrante da cidade-jardim e o azul intenso do Atl\u00e2ntico, sobre o laranja que caracteriza a paisagem urbana funchalense.\u00a0No nosso telef\u00e9rico, cada metro de ascens\u00e3o revela um novo quadro vivo da ilha &#8211; o casario hist\u00f3rico cedendo graciosamente lugar \u00e0s encostas cobertas de vegeta\u00e7\u00e3o nativa, enquanto o oceano abra\u00e7a toda a cena num horizonte sem fim.\u00a0\u00a0\u00c9 muito mais do que um simples trajeto\u2014\u00e9 a oportunidade de sentir a harmonia entre a natureza, a cidade e o oceano, num momento inesquec\u00edvel que une o urbano ao rural numa experi\u00eancia verdadeiramente \u00fanica.<\/p>\n","protected":false},"featured_media":233,"template":"","meta":{"_acf_changed":false},"product_brand":[],"product_cat":[18],"product_tag":[],"class_list":{"0":"post-232","1":"product","2":"type-product","3":"status-publish","4":"has-post-thumbnail","6":"product_cat-transports","8":"first","9":"instock","10":"taxable","11":"shipping-taxable","12":"purchasable","13":"product-type-simple"},"acf":[],"_links":{"self":[{"href":"https:\/\/vr4tourism.footar.co\/pt-pt\/wp-json\/wp\/v2\/product\/232","targetHints":{"allow":["GET"]}}],"collection":[{"href":"https:\/\/vr4tourism.footar.co\/pt-pt\/wp-json\/wp\/v2\/product"}],"about":[{"href":"https:\/\/vr4tourism.footar.co\/pt-pt\/wp-json\/wp\/v2\/types\/product"}],"wp:featuredmedia":[{"embeddable":true,"href":"https:\/\/vr4tourism.footar.co\/pt-pt\/wp-json\/wp\/v2\/media\/233"}],"wp:attachment":[{"href":"https:\/\/vr4tourism.footar.co\/pt-pt\/wp-json\/wp\/v2\/media?parent=232"}],"wp:term":[{"taxonomy":"product_brand","embeddable":true,"href":"https:\/\/vr4tourism.footar.co\/pt-pt\/wp-json\/wp\/v2\/product_brand?post=232"},{"taxonomy":"product_cat","embeddable":true,"href":"https:\/\/vr4tourism.footar.co\/pt-pt\/wp-json\/wp\/v2\/product_cat?post=232"},{"taxonomy":"product_tag","embeddable":true,"href":"https:\/\/vr4tourism.footar.co\/pt-pt\/wp-json\/wp\/v2\/product_tag?post=232"}],"curies":[{"name":"wp","href":"https:\/\/api.w.org\/{rel}","templated":true}]}}