{"id":226,"date":"2025-05-29T09:55:43","date_gmt":"2025-05-29T09:55:43","guid":{"rendered":"https:\/\/vr4tourism.footar.co\/?post_type=product&#038;p=226"},"modified":"2026-01-29T18:01:48","modified_gmt":"2026-01-29T18:01:48","slug":"whale-watching","status":"publish","type":"product","link":"https:\/\/vr4tourism.footar.co\/pt-pt\/loja\/whale-watching\/","title":{"rendered":"Observa\u00e7\u00e3o de Baleias"},"content":{"rendered":"<p>Observe golfinhos e baleias com estilo a bordo do seu pr\u00f3prio barco fretado com este passeio na Madeira. Embarcar\u00e1 no Miranda, com a op\u00e7\u00e3o de navegar pela costa ou fazer snorkeling. As bebidas (incluindo espumante) ser\u00e3o servidas a bordo e h\u00e1 at\u00e9 um chuveiro para que se possa lavar e regressar \u00e0 costa revigorado.<\/p>\n<p data-start=\"177\" data-end=\"473\">Viva uma experi\u00eancia inesquec\u00edvel no Atl\u00e2ntico e observe golfinhos e baleias no seu habitat natural com total conforto e exclusividade, a bordo do seu pr\u00f3prio barco fretado na Madeira. Esta \u00e9 a forma perfeita de explorar o mar madeirense com privacidade, tranquilidade e um toque de sofistica\u00e7\u00e3o.<\/p>\n<p data-start=\"480\" data-end=\"898\">A aventura come\u00e7a com o embarque numa embarca\u00e7\u00e3o moderna e bem equipada, pensada para proporcionar momentos \u00fanicos no mar. Ao longo do passeio, poder\u00e1 escolher entre navegar calmamente ao longo da deslumbrante costa da ilha, admirando fal\u00e9sias, enseadas e paisagens naturais de cortar a respira\u00e7\u00e3o, ou parar para um refrescante mergulho e praticar snorkeling em \u00e1guas cristalinas, ricas em vida marinha.<\/p>\n<p data-start=\"905\" data-end=\"1232\">Durante toda a experi\u00eancia, ser\u00e1 servido um conjunto de bebidas a bordo, incluindo espumante, ideal para brindar ao momento enquanto relaxa ao sol e desfruta da envolv\u00eancia do oceano. Para maior conforto, o barco disp\u00f5e ainda de um chuveiro, permitindo-lhe lavar-se ap\u00f3s o mergulho e regressar \u00e0 costa completamente revigorado.<\/p>\n<p data-start=\"1239\" data-end=\"1476\">Seja para um momento rom\u00e2ntico, uma celebra\u00e7\u00e3o especial ou simplesmente para desfrutar do melhor que a Madeira tem para oferecer, este passeio privado combina natureza, lazer e eleg\u00e2ncia, criando mem\u00f3rias que ficar\u00e3o consigo para sempre.<\/p>\n","protected":false},"excerpt":{"rendered":"<p>Observe golfinhos e baleias com estilo a bordo do seu pr\u00f3prio barco fretado com este passeio na Madeira. Embarcar\u00e1 no Miranda, com a op\u00e7\u00e3o de navegar pela costa ou fazer snorkeling. As bebidas (incluindo espumante) ser\u00e3o servidas a bordo e h\u00e1 at\u00e9 um chuveiro para que se possa lavar e regressar \u00e0 costa revigorado.<\/p>\n","protected":false},"featured_media":229,"template":"","meta":{"_acf_changed":false},"product_brand":[],"product_cat":[43,18],"product_tag":[],"class_list":{"0":"post-226","1":"product","2":"type-product","3":"status-publish","4":"has-post-thumbnail","6":"product_cat-nature","7":"product_cat-transports","9":"first","10":"instock","11":"sold-individually","12":"taxable","13":"shipping-taxable","14":"purchasable","15":"product-type-booking"},"acf":[],"_links":{"self":[{"href":"https:\/\/vr4tourism.footar.co\/pt-pt\/wp-json\/wp\/v2\/product\/226","targetHints":{"allow":["GET"]}}],"collection":[{"href":"https:\/\/vr4tourism.footar.co\/pt-pt\/wp-json\/wp\/v2\/product"}],"about":[{"href":"https:\/\/vr4tourism.footar.co\/pt-pt\/wp-json\/wp\/v2\/types\/product"}],"wp:featuredmedia":[{"embeddable":true,"href":"https:\/\/vr4tourism.footar.co\/pt-pt\/wp-json\/wp\/v2\/media\/229"}],"wp:attachment":[{"href":"https:\/\/vr4tourism.footar.co\/pt-pt\/wp-json\/wp\/v2\/media?parent=226"}],"wp:term":[{"taxonomy":"product_brand","embeddable":true,"href":"https:\/\/vr4tourism.footar.co\/pt-pt\/wp-json\/wp\/v2\/product_brand?post=226"},{"taxonomy":"product_cat","embeddable":true,"href":"https:\/\/vr4tourism.footar.co\/pt-pt\/wp-json\/wp\/v2\/product_cat?post=226"},{"taxonomy":"product_tag","embeddable":true,"href":"https:\/\/vr4tourism.footar.co\/pt-pt\/wp-json\/wp\/v2\/product_tag?post=226"}],"curies":[{"name":"wp","href":"https:\/\/api.w.org\/{rel}","templated":true}]}}