{"id":1188,"date":"2026-01-21T16:20:59","date_gmt":"2026-01-21T16:20:59","guid":{"rendered":"https:\/\/vr4tourism.footar.co\/?post_type=product&#038;p=1188"},"modified":"2026-01-29T17:42:46","modified_gmt":"2026-01-29T17:42:46","slug":"madeira-shopping","status":"publish","type":"product","link":"https:\/\/vr4tourism.footar.co\/pt-pt\/loja\/madeira-shopping\/","title":{"rendered":"Madeira Shopping"},"content":{"rendered":"<p>O MadeiraShopping \u00e9 o maior centro comercial da Ilha da Madeira, com caracter\u00edsticas \u00fanicas e uma oferta comercial e de lazer completa e diversificada. Localizado em Santa Quit\u00e9ria, Santo Ant\u00f3nio, Funchal, numa \u00e1rea de boa acessibilidade, pr\u00f3xima da sa\u00edda da Via R\u00e1pida<\/p>\n<p>Com mais de 100 lojas, que ocupam uma \u00e1rea de aproximadamente 26,600m2, o principal acesso ao Centro \u00e9 pelo piso 2, no Village, onde se localizam as lojas de servi\u00e7os: Correios, Caf\u00e9s, Lavandaria e Farm\u00e1cia. Na \u00e1rea de lazer, apresenta 17 restaurantes com uma espetacular vista panor\u00e2mica sobre o mar. O MadeiraShopping tem, ainda, 1060 lugares de estacionamento gratuito para o p\u00fablico em geral, 12 lugares de estacionamentos para pessoas com mobilidade reduzida, 50 lugares para motos, 3 wc\u2019s adaptados, 1 elevador panor\u00e2mico com prioridade para pessoas com mobilidade reduzida e uma variedade de servi\u00e7os que proporcionam aos seus visitantes um maior conforto e seguran\u00e7a.<\/p>\n","protected":false},"excerpt":{"rendered":"<p>O MadeiraShopping \u00e9 o maior centro comercial da Ilha da Madeira, com caracter\u00edsticas \u00fanicas e uma oferta comercial e de lazer completa e diversificada. Localizado em Santa Quit\u00e9ria, Santo Ant\u00f3nio, Funchal, numa \u00e1rea de boa acessibilidade, pr\u00f3xima da sa\u00edda da Via R\u00e1pida Com mais de 100 lojas, que ocupam uma \u00e1rea de aproximadamente 26,600m2, o [&hellip;]<\/p>\n","protected":false},"featured_media":1189,"template":"","meta":{"_acf_changed":false},"product_brand":[],"product_cat":[40,155],"product_tag":[],"class_list":{"0":"post-1188","1":"product","2":"type-product","3":"status-publish","4":"has-post-thumbnail","6":"product_cat-food","7":"product_cat-shopping","9":"first","10":"instock","11":"taxable","12":"shipping-taxable","13":"product-type-simple"},"acf":[],"_links":{"self":[{"href":"https:\/\/vr4tourism.footar.co\/pt-pt\/wp-json\/wp\/v2\/product\/1188","targetHints":{"allow":["GET"]}}],"collection":[{"href":"https:\/\/vr4tourism.footar.co\/pt-pt\/wp-json\/wp\/v2\/product"}],"about":[{"href":"https:\/\/vr4tourism.footar.co\/pt-pt\/wp-json\/wp\/v2\/types\/product"}],"wp:featuredmedia":[{"embeddable":true,"href":"https:\/\/vr4tourism.footar.co\/pt-pt\/wp-json\/wp\/v2\/media\/1189"}],"wp:attachment":[{"href":"https:\/\/vr4tourism.footar.co\/pt-pt\/wp-json\/wp\/v2\/media?parent=1188"}],"wp:term":[{"taxonomy":"product_brand","embeddable":true,"href":"https:\/\/vr4tourism.footar.co\/pt-pt\/wp-json\/wp\/v2\/product_brand?post=1188"},{"taxonomy":"product_cat","embeddable":true,"href":"https:\/\/vr4tourism.footar.co\/pt-pt\/wp-json\/wp\/v2\/product_cat?post=1188"},{"taxonomy":"product_tag","embeddable":true,"href":"https:\/\/vr4tourism.footar.co\/pt-pt\/wp-json\/wp\/v2\/product_tag?post=1188"}],"curies":[{"name":"wp","href":"https:\/\/api.w.org\/{rel}","templated":true}]}}