{"id":1166,"date":"2026-01-21T15:53:18","date_gmt":"2026-01-21T15:53:18","guid":{"rendered":"https:\/\/vr4tourism.footar.co\/?post_type=product&#038;p=1166"},"modified":"2026-01-29T17:43:33","modified_gmt":"2026-01-29T17:43:33","slug":"forum-madeira-cinema","status":"publish","type":"product","link":"https:\/\/vr4tourism.footar.co\/pt-pt\/loja\/forum-madeira-cinema\/","title":{"rendered":"Forum Madeira &#038; Cinema"},"content":{"rendered":"<p>\u00c9 o segundo maior centro comercial da regi\u00e3o, contando com 86 lojas (17 restaurantes, 6 salas de cinema e um supermercado), distribu\u00eddos pelos tr\u00eas pisos de galerias viradas para uma pra\u00e7a central ao ar livre, e com 800 lugares de estacionamento autom\u00f3vel.<\/p>\n<p>Com a melhor experi\u00eancia de cinema nos formatos especiais (IMAX, 4DX, ScreenX, XVision, XL Vision).<\/p>\n","protected":false},"excerpt":{"rendered":"<p>\u00c9 o segundo maior centro comercial da regi\u00e3o, contando com 86 lojas (17 restaurantes, 6 salas de cinema e um supermercado), distribu\u00eddos pelos tr\u00eas pisos de galerias viradas para uma pra\u00e7a central ao ar livre, e com 800 lugares de estacionamento autom\u00f3vel. Com a melhor experi\u00eancia de cinema nos formatos especiais (IMAX, 4DX, ScreenX, XVision, [&hellip;]<\/p>\n","protected":false},"featured_media":1167,"template":"","meta":{"_acf_changed":false},"product_brand":[],"product_cat":[44,40,155],"product_tag":[],"class_list":{"0":"post-1166","1":"product","2":"type-product","3":"status-publish","4":"has-post-thumbnail","6":"product_cat-events","7":"product_cat-food","8":"product_cat-shopping","10":"first","11":"instock","12":"taxable","13":"shipping-taxable","14":"product-type-simple"},"acf":[],"_links":{"self":[{"href":"https:\/\/vr4tourism.footar.co\/pt-pt\/wp-json\/wp\/v2\/product\/1166","targetHints":{"allow":["GET"]}}],"collection":[{"href":"https:\/\/vr4tourism.footar.co\/pt-pt\/wp-json\/wp\/v2\/product"}],"about":[{"href":"https:\/\/vr4tourism.footar.co\/pt-pt\/wp-json\/wp\/v2\/types\/product"}],"wp:featuredmedia":[{"embeddable":true,"href":"https:\/\/vr4tourism.footar.co\/pt-pt\/wp-json\/wp\/v2\/media\/1167"}],"wp:attachment":[{"href":"https:\/\/vr4tourism.footar.co\/pt-pt\/wp-json\/wp\/v2\/media?parent=1166"}],"wp:term":[{"taxonomy":"product_brand","embeddable":true,"href":"https:\/\/vr4tourism.footar.co\/pt-pt\/wp-json\/wp\/v2\/product_brand?post=1166"},{"taxonomy":"product_cat","embeddable":true,"href":"https:\/\/vr4tourism.footar.co\/pt-pt\/wp-json\/wp\/v2\/product_cat?post=1166"},{"taxonomy":"product_tag","embeddable":true,"href":"https:\/\/vr4tourism.footar.co\/pt-pt\/wp-json\/wp\/v2\/product_tag?post=1166"}],"curies":[{"name":"wp","href":"https:\/\/api.w.org\/{rel}","templated":true}]}}