{"id":1132,"date":"2026-01-21T15:40:43","date_gmt":"2026-01-21T15:40:43","guid":{"rendered":"https:\/\/vr4tourism.footar.co\/?post_type=product&#038;p=1132"},"modified":"2026-01-29T17:44:13","modified_gmt":"2026-01-29T17:44:13","slug":"quinta-magnolia-jardim-e-centro-cultural","status":"publish","type":"product","link":"https:\/\/vr4tourism.footar.co\/pt-pt\/loja\/quinta-magnolia-jardim-e-centro-cultural\/","title":{"rendered":"Quinta Magn\u00f3lia &#8211; Jardim e Centro Cultural"},"content":{"rendered":"<p>Localizado numa ic\u00f3nica quinta funchalense, o Centro Cultural da Quinta Magn\u00f3lia \u00e9 um espa\u00e7o dedicado \u00e0 exposi\u00e7\u00e3o e divulga\u00e7\u00e3o de obras art\u00edsticas e culturais. Enquadrado num extenso jardim com cerca de 35 000 m2, os espa\u00e7os verdes e a paisagem que o rodeiam s\u00e3o de beleza ineg\u00e1vel.Passando por v\u00e1rias transforma\u00e7\u00f5es ao longo dos anos, desde resid\u00eancia do comerciante e c\u00f4nsul norte americano J. Howard March, na d\u00e9cada de 1850, a sede do British Country Club, na d\u00e9cada de 1930, a Quinta Magn\u00f3lia \u00e9 hoje um espa\u00e7o convidativo a todas as faixas et\u00e1rias, onde a arte, a cultura, o desporto e a natureza conjugam-se em perfeita harmonia.<\/p>\n","protected":false},"excerpt":{"rendered":"<p>Localizado numa ic\u00f3nica quinta funchalense, o Centro Cultural da Quinta Magn\u00f3lia \u00e9 um espa\u00e7o dedicado \u00e0 exposi\u00e7\u00e3o e divulga\u00e7\u00e3o de obras art\u00edsticas e culturais. Enquadrado num extenso jardim com cerca de 35 000 m2, os espa\u00e7os verdes e a paisagem que o rodeiam s\u00e3o de beleza ineg\u00e1vel.Passando por v\u00e1rias transforma\u00e7\u00f5es ao longo dos anos, desde [&hellip;]<\/p>\n","protected":false},"featured_media":1133,"template":"","meta":{"_acf_changed":false},"product_brand":[],"product_cat":[43,44],"product_tag":[],"class_list":{"0":"post-1132","1":"product","2":"type-product","3":"status-publish","4":"has-post-thumbnail","6":"product_cat-nature","7":"product_cat-events","9":"first","10":"instock","11":"taxable","12":"shipping-taxable","13":"product-type-simple"},"acf":[],"_links":{"self":[{"href":"https:\/\/vr4tourism.footar.co\/pt-pt\/wp-json\/wp\/v2\/product\/1132","targetHints":{"allow":["GET"]}}],"collection":[{"href":"https:\/\/vr4tourism.footar.co\/pt-pt\/wp-json\/wp\/v2\/product"}],"about":[{"href":"https:\/\/vr4tourism.footar.co\/pt-pt\/wp-json\/wp\/v2\/types\/product"}],"wp:featuredmedia":[{"embeddable":true,"href":"https:\/\/vr4tourism.footar.co\/pt-pt\/wp-json\/wp\/v2\/media\/1133"}],"wp:attachment":[{"href":"https:\/\/vr4tourism.footar.co\/pt-pt\/wp-json\/wp\/v2\/media?parent=1132"}],"wp:term":[{"taxonomy":"product_brand","embeddable":true,"href":"https:\/\/vr4tourism.footar.co\/pt-pt\/wp-json\/wp\/v2\/product_brand?post=1132"},{"taxonomy":"product_cat","embeddable":true,"href":"https:\/\/vr4tourism.footar.co\/pt-pt\/wp-json\/wp\/v2\/product_cat?post=1132"},{"taxonomy":"product_tag","embeddable":true,"href":"https:\/\/vr4tourism.footar.co\/pt-pt\/wp-json\/wp\/v2\/product_tag?post=1132"}],"curies":[{"name":"wp","href":"https:\/\/api.w.org\/{rel}","templated":true}]}}