{"id":1214,"date":"2026-01-21T16:20:59","date_gmt":"2026-01-21T16:20:59","guid":{"rendered":"https:\/\/vr4tourism.footar.co\/loja\/madeira-shopping\/"},"modified":"2026-02-05T10:13:42","modified_gmt":"2026-02-05T10:13:42","slug":"madeira-shopping","status":"publish","type":"product","link":"https:\/\/vr4tourism.footar.co\/es\/loja\/madeira-shopping\/","title":{"rendered":"Madeira Shopping"},"content":{"rendered":"<p>MadeiraShopping is the largest shopping center on the island of Madeira, with unique characteristics and a complete and diverse range of commercial and leisure offerings. Located in Santa Quit\u00e9ria, Santo Ant\u00f3nio, Funchal, in an easily accessible area, near the Via R\u00e1pida exit.<\/p>\n<p>With over 100 shops, occupying an area of \u200b\u200bapproximately 26,600m2, the main access to the Center is via the 2nd floor, in the Village, where the service shops are located: Post Office, Cafes, Laundry and Pharmacy. In the leisure area, it features 17 restaurants with spectacular panoramic sea views. MadeiraShopping also has 1060 free parking spaces for the general public, 12 parking spaces for people with reduced mobility, 50 spaces for motorcycles, 3 adapted restrooms, 1 panoramic elevator with priority for people with reduced mobility, and a variety of services that provide its visitors with greater comfort and security.<\/p>\n","protected":false},"excerpt":{"rendered":"<p>MadeiraShopping is the largest shopping center on the island of Madeira, with unique characteristics and a complete and diverse range of commercial and leisure offerings. Located in Santa Quit\u00e9ria, Santo Ant\u00f3nio, Funchal, in an easily accessible area, near the Via R\u00e1pida exit. With over 100 shops, occupying an area of \u200b\u200bapproximately 26,600m2, the main access [&hellip;]<\/p>\n","protected":false},"featured_media":1190,"template":"","meta":{"_acf_changed":false},"product_brand":[],"product_cat":[146,156],"product_tag":[],"class_list":{"0":"post-1214","1":"product","2":"type-product","3":"status-publish","4":"has-post-thumbnail","6":"product_cat-food","7":"product_cat-shopping","9":"first","10":"instock","11":"taxable","12":"shipping-taxable","13":"product-type-simple"},"acf":[],"_links":{"self":[{"href":"https:\/\/vr4tourism.footar.co\/es\/wp-json\/wp\/v2\/product\/1214","targetHints":{"allow":["GET"]}}],"collection":[{"href":"https:\/\/vr4tourism.footar.co\/es\/wp-json\/wp\/v2\/product"}],"about":[{"href":"https:\/\/vr4tourism.footar.co\/es\/wp-json\/wp\/v2\/types\/product"}],"wp:featuredmedia":[{"embeddable":true,"href":"https:\/\/vr4tourism.footar.co\/es\/wp-json\/wp\/v2\/media\/1190"}],"wp:attachment":[{"href":"https:\/\/vr4tourism.footar.co\/es\/wp-json\/wp\/v2\/media?parent=1214"}],"wp:term":[{"taxonomy":"product_brand","embeddable":true,"href":"https:\/\/vr4tourism.footar.co\/es\/wp-json\/wp\/v2\/product_brand?post=1214"},{"taxonomy":"product_cat","embeddable":true,"href":"https:\/\/vr4tourism.footar.co\/es\/wp-json\/wp\/v2\/product_cat?post=1214"},{"taxonomy":"product_tag","embeddable":true,"href":"https:\/\/vr4tourism.footar.co\/es\/wp-json\/wp\/v2\/product_tag?post=1214"}],"curies":[{"name":"wp","href":"https:\/\/api.w.org\/{rel}","templated":true}]}}